{"id":1786,"date":"2023-08-31T19:03:07","date_gmt":"2023-08-31T17:03:07","guid":{"rendered":"https:\/\/serrano.bcntic.com\/noticias\/"},"modified":"2023-10-04T20:03:30","modified_gmt":"2023-10-04T18:03:30","slug":"noticias","status":"publish","type":"page","link":"https:\/\/serrano.bcntic.com\/ca\/noticias\/","title":{"rendered":"Not\u00edcies"},"content":{"rendered":"<p><div class=\"fusion-fullwidth fullwidth-box fusion-builder-row-1 fusion-flex-container nonhundred-percent-fullwidth non-hundred-percent-height-scrolling\" style=\"--awb-background-position:left top;--awb-border-sizes-top:0px;--awb-border-sizes-bottom:0px;--awb-border-sizes-left:0px;--awb-border-sizes-right:0px;--awb-border-radius-top-left:0px;--awb-border-radius-top-right:0px;--awb-border-radius-bottom-right:0px;--awb-border-radius-bottom-left:0px;--awb-padding-top:100px;--awb-padding-bottom:80px;--awb-padding-top-medium:72px;--awb-padding-bottom-medium:32px;--awb-flex-wrap:wrap;\" ><div class=\"fusion-builder-row fusion-row fusion-flex-align-items-flex-start fusion-flex-content-wrap\" style=\"max-width:1216.8px;margin-left: calc(-4% \/ 2 );margin-right: calc(-4% \/ 2 );\"><div class=\"fusion-layout-column fusion_builder_column fusion-builder-column-0 fusion_builder_column_1_1 1_1 fusion-flex-column fusion-flex-align-self-flex-start fusion-column-no-min-height\" style=\"--awb-bg-blend:overlay;--awb-bg-size:cover;--awb-width-large:100%;--awb-margin-top-large:0px;--awb-spacing-right-large:1.92%;--awb-margin-bottom-large:0px;--awb-spacing-left-large:1.92%;--awb-width-medium:100%;--awb-spacing-right-medium:1.92%;--awb-spacing-left-medium:1.92%;--awb-width-small:100%;--awb-spacing-right-small:1.92%;--awb-spacing-left-small:1.92%;\"><div class=\"fusion-column-wrapper fusion-flex-justify-content-flex-start fusion-content-layout-column\"><div class=\"fusion-separator fusion-full-width-sep\" style=\"align-self: center;margin-left: auto;margin-right: auto;width:100%;\"><div class=\"fusion-separator-border sep-single sep-solid\" style=\"--awb-height:20px;--awb-amount:20px;--awb-sep-color:var(--awb-color5);border-color:var(--awb-color5);border-top-width:5px;\"><\/div><\/div><\/div><\/div><div class=\"fusion-layout-column fusion_builder_column fusion-builder-column-1 fusion_builder_column_1_1 1_1 fusion-flex-column green-border rounded-border\" style=\"--awb-padding-top:60px;--awb-padding-right:60px;--awb-padding-bottom:0px;;--awb-padding-left:60px;--awb-bg-color:var(--awb-color1);--awb-bg-color-hover:var(--awb-color1);--awb-bg-size:cover;--awb-border-color:var(--awb-color3);--awb-border-top:1px;--awb-border-right:1px;--awb-border-bottom:1px;--awb-border-left:1px;--awb-border-style:solid;--awb-width-large:100%;--awb-margin-top-large:0px;--awb-spacing-right-large:1.92%;--awb-margin-bottom-large:45px;--awb-spacing-left-large:1.92%;--awb-width-medium:100%;--awb-spacing-right-medium:1.92%;--awb-spacing-left-medium:1.92%;--awb-width-small:100%;--awb-spacing-right-small:1.92%;--awb-spacing-left-small:1.92%;\"><div class=\"fusion-column-wrapper fusion-flex-justify-content-flex-start fusion-content-layout-column\"><div class=\"fusion-recent-posts fusion-recent-posts-1 avada-container layout-default layout-columns-3\"><section class=\"fusion-columns columns fusion-columns-3 columns-3\"><article class=\"post fusion-column column col col-lg-4 col-md-4 col-sm-4\"><div class=\"fusion-flexslider fusion-flexslider-loading flexslider flexslider-hover-type-zoomin\"><ul class=\"slides\"><li><a href=\"https:\/\/serrano.bcntic.com\/ca\/declaracion-sobre-bienes-en-el-extranjero\/\" aria-label=\"Declaraci\u00f3n sobre bienes en el extranjero\" class=\"hover-type-zoomin\"><img decoding=\"async\" width=\"700\" height=\"441\" src=\"https:\/\/serrano.bcntic.com\/wp-content\/uploads\/2023\/08\/Contabilidad-700x441.jpg\" class=\"attachment-recent-posts size-recent-posts lazyload\" alt=\"\" srcset=\"data:image\/svg+xml,%3Csvg%20xmlns%3D%27http%3A%2F%2Fwww.w3.org%2F2000%2Fsvg%27%20width%3D%271280%27%20height%3D%27917%27%20viewBox%3D%270%200%201280%20917%27%3E%3Crect%20width%3D%271280%27%20height%3D%27917%27%20fill-opacity%3D%220%22%2F%3E%3C%2Fsvg%3E\" data-orig-src=\"https:\/\/serrano.bcntic.com\/wp-content\/uploads\/2023\/08\/Contabilidad-700x441.jpg\" data-srcset=\"https:\/\/serrano.bcntic.com\/wp-content\/uploads\/2023\/08\/Contabilidad-320x202.jpg 320w, https:\/\/serrano.bcntic.com\/wp-content\/uploads\/2023\/08\/Contabilidad-700x441.jpg 700w\" data-sizes=\"auto\" \/><\/a><\/li><\/ul><\/div><div class=\"recent-posts-content\"><span class=\"vcard\" style=\"display: none;\"><span class=\"fn\"><a href=\"https:\/\/serrano.bcntic.com\/ca\/author\/tic_serrano\/\" title=\"Entrades de Tic_serrano\" rel=\"author\">Tic_serrano<\/a><\/span><\/span><span class=\"updated\" style=\"display:none;\">2023-09-20T21:14:27+02:00<\/span><h4 class=\"entry-title\"><a href=\"https:\/\/serrano.bcntic.com\/ca\/declaracion-sobre-bienes-en-el-extranjero\/\">Declaraci\u00f3n sobre bienes en el extranjero<\/a><\/h4><p class=\"meta\"><span class=\"vcard\" style=\"display: none;\"><span class=\"fn\"><a href=\"https:\/\/serrano.bcntic.com\/ca\/author\/tic_serrano\/\" title=\"Entrades de Tic_serrano\" rel=\"author\">Tic_serrano<\/a><\/span><\/span><span class=\"updated\" style=\"display:none;\">2023-09-20T21:14:27+02:00<\/span><\/p><p> El pr\u00f3ximo d\u00eda 31 de marzo termina el plazo para presentar el modelo 720; la declaraci\u00f3n de bienes y derechos situados en el extranjero. NOTAS ACLARATORIAS[...]<\/p><\/div><\/article><article class=\"post fusion-column column col col-lg-4 col-md-4 col-sm-4\"><div class=\"fusion-flexslider fusion-flexslider-loading flexslider flexslider-hover-type-zoomin\"><ul class=\"slides\"><li><a href=\"https:\/\/serrano.bcntic.com\/ca\/plan-de-control-tributario-2020\/\" aria-label=\"Plan de Control Tributario 2020\" class=\"hover-type-zoomin\"><img decoding=\"async\" width=\"700\" height=\"441\" src=\"https:\/\/serrano.bcntic.com\/wp-content\/uploads\/2023\/08\/Laboral1-700x441.jpg\" class=\"attachment-recent-posts size-recent-posts lazyload\" alt=\"\" srcset=\"data:image\/svg+xml,%3Csvg%20xmlns%3D%27http%3A%2F%2Fwww.w3.org%2F2000%2Fsvg%27%20width%3D%271280%27%20height%3D%27960%27%20viewBox%3D%270%200%201280%20960%27%3E%3Crect%20width%3D%271280%27%20height%3D%27960%27%20fill-opacity%3D%220%22%2F%3E%3C%2Fsvg%3E\" data-orig-src=\"https:\/\/serrano.bcntic.com\/wp-content\/uploads\/2023\/08\/Laboral1-700x441.jpg\" data-srcset=\"https:\/\/serrano.bcntic.com\/wp-content\/uploads\/2023\/08\/Laboral1-320x202.jpg 320w, https:\/\/serrano.bcntic.com\/wp-content\/uploads\/2023\/08\/Laboral1-700x441.jpg 700w\" data-sizes=\"auto\" \/><\/a><\/li><\/ul><\/div><div class=\"recent-posts-content\"><span class=\"vcard\" style=\"display: none;\"><span class=\"fn\"><a href=\"https:\/\/serrano.bcntic.com\/ca\/author\/tic_serrano\/\" title=\"Entrades de Tic_serrano\" rel=\"author\">Tic_serrano<\/a><\/span><\/span><span class=\"updated\" style=\"display:none;\">2023-09-20T21:16:10+02:00<\/span><h4 class=\"entry-title\"><a href=\"https:\/\/serrano.bcntic.com\/ca\/plan-de-control-tributario-2020\/\">Plan de Control Tributario 2020<\/a><\/h4><p class=\"meta\"><span class=\"vcard\" style=\"display: none;\"><span class=\"fn\"><a href=\"https:\/\/serrano.bcntic.com\/ca\/author\/tic_serrano\/\" title=\"Entrades de Tic_serrano\" rel=\"author\">Tic_serrano<\/a><\/span><\/span><span class=\"updated\" style=\"display:none;\">2023-09-20T21:16:10+02:00<\/span><\/p><p>Recientemente ha sido publicado en el BOE la Resoluci\u00f3n de la Direcci\u00f3n General de la AEAT, por la que se aprueban las direcctrices generales del Plan Anual[...]<\/p><\/div><\/article><article class=\"post fusion-column column col col-lg-4 col-md-4 col-sm-4\"><div class=\"fusion-flexslider fusion-flexslider-loading flexslider flexslider-hover-type-zoomin\"><ul class=\"slides\"><li><a href=\"https:\/\/serrano.bcntic.com\/ca\/iniciada-la-campana-del-modelo-347\/\" aria-label=\"Iniciada la campa\u00f1a del modelo 347\" class=\"hover-type-zoomin\"><img decoding=\"async\" width=\"700\" height=\"441\" src=\"https:\/\/serrano.bcntic.com\/wp-content\/uploads\/2023\/08\/Fiscalidad-700x441.jpg\" class=\"attachment-recent-posts size-recent-posts lazyload\" alt=\"\" srcset=\"data:image\/svg+xml,%3Csvg%20xmlns%3D%27http%3A%2F%2Fwww.w3.org%2F2000%2Fsvg%27%20width%3D%271280%27%20height%3D%27853%27%20viewBox%3D%270%200%201280%20853%27%3E%3Crect%20width%3D%271280%27%20height%3D%27853%27%20fill-opacity%3D%220%22%2F%3E%3C%2Fsvg%3E\" data-orig-src=\"https:\/\/serrano.bcntic.com\/wp-content\/uploads\/2023\/08\/Fiscalidad-700x441.jpg\" data-srcset=\"https:\/\/serrano.bcntic.com\/wp-content\/uploads\/2023\/08\/Fiscalidad-320x202.jpg 320w, https:\/\/serrano.bcntic.com\/wp-content\/uploads\/2023\/08\/Fiscalidad-700x441.jpg 700w\" data-sizes=\"auto\" \/><\/a><\/li><\/ul><\/div><div class=\"recent-posts-content\"><span class=\"vcard\" style=\"display: none;\"><span class=\"fn\"><a href=\"https:\/\/serrano.bcntic.com\/ca\/author\/tic_serrano\/\" title=\"Entrades de Tic_serrano\" rel=\"author\">Tic_serrano<\/a><\/span><\/span><span class=\"updated\" style=\"display:none;\">2023-09-20T21:17:14+02:00<\/span><h4 class=\"entry-title\"><a href=\"https:\/\/serrano.bcntic.com\/ca\/iniciada-la-campana-del-modelo-347\/\">Iniciada la campa\u00f1a del modelo 347<\/a><\/h4><p class=\"meta\"><span class=\"vcard\" style=\"display: none;\"><span class=\"fn\"><a href=\"https:\/\/serrano.bcntic.com\/ca\/author\/tic_serrano\/\" title=\"Entrades de Tic_serrano\" rel=\"author\">Tic_serrano<\/a><\/span><\/span><span class=\"updated\" style=\"display:none;\">2023-09-20T21:17:14+02:00<\/span><\/p><p>El d\u00eda 28 de febrero termina el plazo para la presentaci\u00f3n del modelo 347 del ejercicio 2019, esta declaraci\u00f3n es de suma importancia. NOTAS IMPORTANTES 1.- Recomendamos[...]<\/p><\/div><\/article><\/section><\/div><\/div><\/div><\/div><\/div><div class=\"fusion-bg-parallax\" data-bg-align=\"center center\" data-direction=\"up\" data-mute=\"false\" data-opacity=\"100\" data-velocity=\"-0.5\" data-mobile-enabled=\"false\" data-break_parents=\"0\" data-bg-image=\"https:\/\/serrano.bcntic.com\/wp-content\/uploads\/2023\/09\/fondoformulario-1024x683.png\" data-bg-repeat=\"false\" data-bg-color=\"var(--awb-color7)\" ><\/div><div class=\"fusion-fullwidth fullwidth-box fusion-builder-row-2 fusion-flex-container fusion-parallax-up nonhundred-percent-fullwidth non-hundred-percent-height-scrolling lazyload\" style=\"--awb-border-sizes-top:0px;--awb-border-sizes-bottom:0px;--awb-border-sizes-left:0px;--awb-border-sizes-right:0px;--awb-border-radius-top-left:0px;--awb-border-radius-top-right:0px;--awb-border-radius-bottom-right:0px;--awb-border-radius-bottom-left:0px;--awb-padding-top:150px;--awb-padding-bottom:160px;--awb-background-color:var(--awb-color7);--awb-background-size:cover;--awb-flex-wrap:wrap;\" data-bg=\"https:\/\/serrano.bcntic.com\/wp-content\/uploads\/2023\/09\/fondoformulario-1024x683.png\" ><div class=\"fusion-builder-row fusion-row fusion-flex-align-items-flex-start fusion-flex-justify-content-center fusion-flex-content-wrap\" style=\"max-width:1216.8px;margin-left: calc(-4% \/ 2 );margin-right: calc(-4% \/ 2 );\"><div class=\"fusion-layout-column fusion_builder_column fusion-builder-column-2 fusion_builder_column_2_3 2_3 fusion-flex-column fusion-flex-align-self-flex-start fusion-column-no-min-height\" style=\"--awb-bg-blend:overlay;--awb-bg-size:cover;--awb-width-large:66.666666666667%;--awb-margin-top-large:0px;--awb-spacing-right-large:2.88%;--awb-margin-bottom-large:0px;--awb-spacing-left-large:2.88%;--awb-width-medium:100%;--awb-spacing-right-medium:1.92%;--awb-spacing-left-medium:1.92%;--awb-width-small:100%;--awb-spacing-right-small:1.92%;--awb-spacing-left-small:1.92%;\"><div class=\"fusion-column-wrapper fusion-flex-justify-content-flex-start fusion-content-layout-column\"><div class=\"fusion-title title fusion-title-1 fusion-title-center fusion-title-text fusion-title-size-two\" style=\"--awb-text-color:var(--awb-color1);--awb-margin-bottom:30px;--awb-margin-bottom-small:30px;\"><div class=\"title-sep-container title-sep-container-left\"><div class=\"title-sep sep- sep-solid\" style=\"border-color:var(--awb-color3);\"><\/div><\/div><span class=\"awb-title-spacer\"><\/span><h2 class=\"fusion-title-heading title-heading-center\" style=\"margin:0;text-transform:uppercase;\">Consulteu els nostres experts sense comprom\u00eds<\/h2><span class=\"awb-title-spacer\"><\/span><div class=\"title-sep-container title-sep-container-right\"><div class=\"title-sep sep- sep-solid\" style=\"border-color:var(--awb-color3);\"><\/div><\/div><\/div><div class=\"fusion-separator\" style=\"align-self: center;margin-left: auto;margin-right: auto;margin-top:10px;margin-bottom:30px;width:100%;max-width:170px;\"><div class=\"fusion-separator-border sep-single sep-solid\" style=\"--awb-height:20px;--awb-amount:20px;--awb-sep-color:var(--awb-color7);border-color:var(--awb-color7);border-top-width:1px;\"><\/div><\/div><div class=\"fusion-text fusion-text-1\" style=\"--awb-content-alignment:center;--awb-font-size:var(--awb-typography2-font-size);--awb-line-height:var(--awb-typography2-line-height);--awb-text-color:var(--awb-color1);\"><p>Estarem encantats d&#8217;ajudar-lo.<\/p>\n<\/div><div style=\"text-align:center;\"><a class=\"fusion-button button-flat button-large button-default fusion-button-default button-1 fusion-button-default-span \" style=\"--button_margin-top:30px;\" target=\"_self\" href=\"https:\/\/serrano.bcntic.com\/ca\/contacte\/\"><span class=\"fusion-button-text\">Contactar<\/span><\/a><\/div><\/div><\/div><\/div><\/div><\/p>\n","protected":false},"excerpt":{"rendered":"","protected":false},"author":1,"featured_media":0,"parent":0,"menu_order":0,"comment_status":"closed","ping_status":"open","template":"100-width.php","meta":{"footnotes":""},"class_list":["post-1786","page","type-page","status-publish","hentry"],"_links":{"self":[{"href":"https:\/\/serrano.bcntic.com\/ca\/wp-json\/wp\/v2\/pages\/1786","targetHints":{"allow":["GET"]}}],"collection":[{"href":"https:\/\/serrano.bcntic.com\/ca\/wp-json\/wp\/v2\/pages"}],"about":[{"href":"https:\/\/serrano.bcntic.com\/ca\/wp-json\/wp\/v2\/types\/page"}],"author":[{"embeddable":true,"href":"https:\/\/serrano.bcntic.com\/ca\/wp-json\/wp\/v2\/users\/1"}],"replies":[{"embeddable":true,"href":"https:\/\/serrano.bcntic.com\/ca\/wp-json\/wp\/v2\/comments?post=1786"}],"version-history":[{"count":8,"href":"https:\/\/serrano.bcntic.com\/ca\/wp-json\/wp\/v2\/pages\/1786\/revisions"}],"predecessor-version":[{"id":1925,"href":"https:\/\/serrano.bcntic.com\/ca\/wp-json\/wp\/v2\/pages\/1786\/revisions\/1925"}],"wp:attachment":[{"href":"https:\/\/serrano.bcntic.com\/ca\/wp-json\/wp\/v2\/media?parent=1786"}],"curies":[{"name":"wp","href":"https:\/\/api.w.org\/{rel}","templated":true}]}}